{"id":3248,"date":"2025-11-20T13:35:43","date_gmt":"2025-11-20T10:35:43","guid":{"rendered":"https:\/\/entegreen.com\/?page_id=3248"},"modified":"2025-11-22T15:24:48","modified_gmt":"2025-11-22T12:24:48","slug":"ecolabel","status":"publish","type":"page","link":"https:\/\/entegreen.com\/tr\/ecolabel\/","title":{"rendered":"EU ECOLABEL \/ BLUE ANGEL"},"content":{"rendered":"<div id='av_section_1'  class='avia-section av-sb36w-d9c0d3ba69c648a958a4952311dfbdd9 main_color avia-section-default avia-no-border-styling  avia-builder-el-0  avia-builder-el-no-sibling  avia-bg-style-scroll container_wrap fullsize'  ><div class='container av-section-cont-open' ><main  role=\"main\" itemprop=\"mainContentOfPage\"  class='template-page content  av-content-full alpha units'><div class='post-entry post-entry-type-page post-entry-3248'><div class='entry-content-wrapper clearfix'>\n\n<style type=\"text\/css\" data-created_by=\"avia_inline_auto\" id=\"style-css-av-mhyrrtxc-4b06387a90f5c6f5a2b23efcbfdf1c1a\">\n#top .av-special-heading.av-mhyrrtxc-4b06387a90f5c6f5a2b23efcbfdf1c1a{\npadding-bottom:15px;\ncolor:#075d44;\nfont-size:40px;\n}\nbody .av-special-heading.av-mhyrrtxc-4b06387a90f5c6f5a2b23efcbfdf1c1a .av-special-heading-tag .heading-char{\nfont-size:25px;\n}\n#top #wrap_all .av-special-heading.av-mhyrrtxc-4b06387a90f5c6f5a2b23efcbfdf1c1a .av-special-heading-tag{\nfont-size:40px;\n}\n.av-special-heading.av-mhyrrtxc-4b06387a90f5c6f5a2b23efcbfdf1c1a .special-heading-inner-border{\nborder-color:#075d44;\n}\n.av-special-heading.av-mhyrrtxc-4b06387a90f5c6f5a2b23efcbfdf1c1a .av-subheading{\nfont-size:15px;\n}\n\n@media only screen and (min-width: 480px) and (max-width: 767px){ \n#top #wrap_all .av-special-heading.av-mhyrrtxc-4b06387a90f5c6f5a2b23efcbfdf1c1a .av-special-heading-tag{\nfont-size:0.8em;\n}\n}\n\n@media only screen and (max-width: 479px){ \n#top #wrap_all .av-special-heading.av-mhyrrtxc-4b06387a90f5c6f5a2b23efcbfdf1c1a .av-special-heading-tag{\nfont-size:0.8em;\n}\n}\n<\/style>\n<div  class='av-special-heading av-mhyrrtxc-4b06387a90f5c6f5a2b23efcbfdf1c1a av-special-heading-h2 custom-color-heading blockquote modern-quote  avia-builder-el-1  el_before_av_hr  avia-builder-el-first  av-inherit-size'><h2 class='av-special-heading-tag'  itemprop=\"headline\"  >ETIQUETA AMBIENTAL \/ EU ECOLABEL  \/ BLUE ANGEL<\/h2><div class=\"special-heading-border\"><div class=\"special-heading-inner-border\"><\/div><\/div><\/div>\n\n<style type=\"text\/css\" data-created_by=\"avia_inline_auto\" id=\"style-css-av-mhyrsfzw-5072a07119f531ba41b3701d9ab16d5d\">\n#top .hr.av-mhyrsfzw-5072a07119f531ba41b3701d9ab16d5d{\nmargin-top:10px;\nmargin-bottom:30px;\n}\n.hr.av-mhyrsfzw-5072a07119f531ba41b3701d9ab16d5d .hr-inner{\nwidth:50px;\nborder-color:#075d44;\n}\n<\/style>\n<div  class='hr av-mhyrsfzw-5072a07119f531ba41b3701d9ab16d5d hr-custom  avia-builder-el-2  el_after_av_heading  el_before_av_one_half  hr-left hr-icon-no'><span class='hr-inner inner-border-av-border-fat'><span class=\"hr-inner-style\"><\/span><\/span><\/div>\n<div  class='flex_column av-miipc-6eebe0bbba4755c0dd3d40d7ed4cce76 av_one_half  avia-builder-el-3  el_after_av_hr  el_before_av_one_half  first flex_column_div'     ><style type=\"text\/css\" data-created_by=\"avia_inline_auto\" id=\"style-css-av-gxeqg-3965ad5a10c6268e323a291dcfec4f31\">\n#top .av_textblock_section.av-gxeqg-3965ad5a10c6268e323a291dcfec4f31 .avia_textblock{\ncolor:#3a220b;\n}\n<\/style>\n<section  class='av_textblock_section av-gxeqg-3965ad5a10c6268e323a291dcfec4f31'   itemscope=\"itemscope\" itemtype=\"https:\/\/schema.org\/CreativeWork\" ><div class='avia_textblock av_inherit_color'  itemprop=\"text\" ><p>Biz <strong>ENTEGREEN CARBON &#038; SUSTAINABILITY S.L.R.,<\/strong> olarak, \u015firketlerin \u00e7evresel performanslar\u0131n\u0131 ve \u00fcr\u00fcn\/hizmet s\u00fcrd\u00fcr\u00fclebilirli\u011fini ulusal ve uluslararas\u0131 \u00e7evre etiketi standartlar\u0131 \u00e7er\u00e7evesinde \u00f6l\u00e7melerine ve raporlamalar\u0131na destek veriyoruz. T\u00fcrkiye \u00c7evre Etiketi, EU Ecolabel ve Blue Angel gibi \u00e7evre etiketleri i\u00e7in kapsaml\u0131 dan\u0131\u015fmanl\u0131k \u00e7\u00f6z\u00fcmlerimizle, payda\u015flar\u0131n\u0131za \u015feffaf ve g\u00fcvenilir bilgiler sunman\u0131z\u0131 sa\u011fl\u0131yoruz.<\/p>\n<ul>\n<li><strong>\u00d6n De\u011ferlendirme ve Kriter Analizi:<\/strong> \u00dcr\u00fcn ve hizmetlerinizin ilgili \u00e7evre etiketi kriterlerine uygunlu\u011fu incelenir ve de\u011ferlendirilir.<\/li>\n<li><strong>Uygulama ve \u0130yile\u015ftirme:<\/strong> Eksik kriterler tespit edilir ve giderilmesine y\u00f6nelik stratejik \u00f6neriler sunulur.<\/li>\n<li><strong>Ba\u015fvuru ve S\u00fcre\u00e7 Y\u00f6netimi:<\/strong> Ba\u015fvuru dosyalar\u0131 haz\u0131rlan\u0131r, yetkili kurumlarla ileti\u015fim sa\u011flan\u0131r ve de\u011ferlendirme s\u00fcreci takip edilir.<\/li>\n<\/ul>\n<\/div><\/section><\/div><div  class='flex_column av-ak08w-9cc6bebc4212bfb4502aca671ff37b83 av_one_half  avia-builder-el-5  el_after_av_one_half  avia-builder-el-last  flex_column_div'     ><style type=\"text\/css\" data-created_by=\"avia_inline_auto\" id=\"style-css-av-mhyrw0of-bf5e3b98c665c0c781a31d2e1e190316\">\n.avia-image-container.av-mhyrw0of-bf5e3b98c665c0c781a31d2e1e190316 img.avia_image{\nbox-shadow:none;\n}\n.avia-image-container.av-mhyrw0of-bf5e3b98c665c0c781a31d2e1e190316 .av-image-caption-overlay-center{\ncolor:#ffffff;\n}\n.avia-image-container.av-mhyrw0of-bf5e3b98c665c0c781a31d2e1e190316 .avia-curtain-reveal-overlay{\nz-index:100;\n}\n<\/style>\n<div  class='avia-image-container av-mhyrw0of-bf5e3b98c665c0c781a31d2e1e190316 av-styling- avia-align-center  avia-builder-el-6  avia-builder-el-no-sibling'   itemprop=\"image\" itemscope=\"itemscope\" itemtype=\"https:\/\/schema.org\/ImageObject\" ><div class=\"avia-image-container-inner\"><div class=\"avia-image-overlay-wrap\"><div class='avia-curtain-reveal-overlay av-animated-when-visible-95 animate-all-devices curtain-reveal-ltr'><\/div><img decoding=\"async\" fetchpriority=\"high\" class='wp-image-3287 avia-img-lazy-loading-not-3287 avia_image' src=\"https:\/\/entegreen.com\/wp-content\/uploads\/2025\/11\/shutterstock_2090534827-1030x649.jpg\" alt='' title=''  height=\"649\" width=\"1030\"  itemprop=\"thumbnailUrl\" srcset=\"https:\/\/entegreen.com\/wp-content\/uploads\/2025\/11\/shutterstock_2090534827-1030x649.jpg 1030w, https:\/\/entegreen.com\/wp-content\/uploads\/2025\/11\/shutterstock_2090534827-300x189.jpg 300w, https:\/\/entegreen.com\/wp-content\/uploads\/2025\/11\/shutterstock_2090534827-768x484.jpg 768w, https:\/\/entegreen.com\/wp-content\/uploads\/2025\/11\/shutterstock_2090534827-1536x969.jpg 1536w, https:\/\/entegreen.com\/wp-content\/uploads\/2025\/11\/shutterstock_2090534827-2048x1291.jpg 2048w, https:\/\/entegreen.com\/wp-content\/uploads\/2025\/11\/shutterstock_2090534827-18x12.jpg 18w, https:\/\/entegreen.com\/wp-content\/uploads\/2025\/11\/shutterstock_2090534827-1500x946.jpg 1500w, https:\/\/entegreen.com\/wp-content\/uploads\/2025\/11\/shutterstock_2090534827-705x445.jpg 705w\" sizes=\"(max-width: 1030px) 100vw, 1030px\" \/><\/div><\/div><\/div><\/div>","protected":false},"excerpt":{"rendered":"","protected":false},"author":1,"featured_media":0,"parent":0,"menu_order":0,"comment_status":"closed","ping_status":"closed","template":"","meta":{"footnotes":""},"class_list":["post-3248","page","type-page","status-publish","hentry"],"_links":{"self":[{"href":"https:\/\/entegreen.com\/tr\/wp-json\/wp\/v2\/pages\/3248","targetHints":{"allow":["GET"]}}],"collection":[{"href":"https:\/\/entegreen.com\/tr\/wp-json\/wp\/v2\/pages"}],"about":[{"href":"https:\/\/entegreen.com\/tr\/wp-json\/wp\/v2\/types\/page"}],"author":[{"embeddable":true,"href":"https:\/\/entegreen.com\/tr\/wp-json\/wp\/v2\/users\/1"}],"replies":[{"embeddable":true,"href":"https:\/\/entegreen.com\/tr\/wp-json\/wp\/v2\/comments?post=3248"}],"version-history":[{"count":3,"href":"https:\/\/entegreen.com\/tr\/wp-json\/wp\/v2\/pages\/3248\/revisions"}],"predecessor-version":[{"id":3288,"href":"https:\/\/entegreen.com\/tr\/wp-json\/wp\/v2\/pages\/3248\/revisions\/3288"}],"wp:attachment":[{"href":"https:\/\/entegreen.com\/tr\/wp-json\/wp\/v2\/media?parent=3248"}],"curies":[{"name":"wp","href":"https:\/\/api.w.org\/{rel}","templated":true}]}}