{"id":597,"date":"2017-02-02T12:27:50","date_gmt":"2017-02-02T12:27:50","guid":{"rendered":"http:\/\/test.kriesi.at\/enfold-2017\/?page_id=597"},"modified":"2025-11-20T14:16:27","modified_gmt":"2025-11-20T11:16:27","slug":"gstc","status":"publish","type":"page","link":"https:\/\/entegreen.com\/tr\/gstc\/","title":{"rendered":"gstc"},"content":{"rendered":"<div id='av_section_1'  class='avia-section av-14e2wt-4dd1cf2a7f24eca13a203910aea06f7c main_color avia-section-default avia-no-border-styling  avia-builder-el-0  avia-builder-el-no-sibling  avia-bg-style-scroll container_wrap fullsize'  ><div class='container av-section-cont-open' ><main  role=\"main\" itemprop=\"mainContentOfPage\"  class='template-page content  av-content-full alpha units'><div class='post-entry post-entry-type-page post-entry-597'><div class='entry-content-wrapper clearfix'>\n\n<style type=\"text\/css\" data-created_by=\"avia_inline_auto\" id=\"style-css-av-mhxahjmi-aa2f6eb09098b96bc699c59793b17e28\">\n#top .av-special-heading.av-mhxahjmi-aa2f6eb09098b96bc699c59793b17e28{\npadding-bottom:15px;\ncolor:#075d44;\nfont-size:40px;\n}\nbody .av-special-heading.av-mhxahjmi-aa2f6eb09098b96bc699c59793b17e28 .av-special-heading-tag .heading-char{\nfont-size:25px;\n}\n#top #wrap_all .av-special-heading.av-mhxahjmi-aa2f6eb09098b96bc699c59793b17e28 .av-special-heading-tag{\nfont-size:40px;\n}\n.av-special-heading.av-mhxahjmi-aa2f6eb09098b96bc699c59793b17e28 .special-heading-inner-border{\nborder-color:#075d44;\n}\n.av-special-heading.av-mhxahjmi-aa2f6eb09098b96bc699c59793b17e28 .av-subheading{\nfont-size:15px;\n}\n\n@media only screen and (min-width: 480px) and (max-width: 767px){ \n#top #wrap_all .av-special-heading.av-mhxahjmi-aa2f6eb09098b96bc699c59793b17e28 .av-special-heading-tag{\nfont-size:0.8em;\n}\n}\n\n@media only screen and (max-width: 479px){ \n#top #wrap_all .av-special-heading.av-mhxahjmi-aa2f6eb09098b96bc699c59793b17e28 .av-special-heading-tag{\nfont-size:0.8em;\n}\n}\n<\/style>\n<div  class='av-special-heading av-mhxahjmi-aa2f6eb09098b96bc699c59793b17e28 av-special-heading-h2 custom-color-heading blockquote modern-quote  avia-builder-el-1  el_before_av_hr  avia-builder-el-first  av-inherit-size'><h2 class='av-special-heading-tag'  itemprop=\"headline\"  >CONSEJO GLOBAL DE TURISMO SOSTENIBLE &#8211; GSTC &#8211;<\/h2><div class=\"special-heading-border\"><div class=\"special-heading-inner-border\"><\/div><\/div><\/div>\n\n<style type=\"text\/css\" data-created_by=\"avia_inline_auto\" id=\"style-css-av-wrd91-0c57356d9fd0ddc30b0a0454075c5e52\">\n#top .hr.av-wrd91-0c57356d9fd0ddc30b0a0454075c5e52{\nmargin-top:10px;\nmargin-bottom:30px;\n}\n.hr.av-wrd91-0c57356d9fd0ddc30b0a0454075c5e52 .hr-inner{\nwidth:50px;\nborder-color:#075d44;\n}\n<\/style>\n<div  class='hr av-wrd91-0c57356d9fd0ddc30b0a0454075c5e52 hr-custom  avia-builder-el-2  el_after_av_heading  el_before_av_one_half  hr-left hr-icon-no'><span class='hr-inner inner-border-av-border-fat'><span class=\"hr-inner-style\"><\/span><\/span><\/div>\n<div  class='flex_column av-pbll9-cd3854ca9eda32da461f286c2a6fcd36 av_one_half  avia-builder-el-3  el_after_av_hr  el_before_av_one_half  first flex_column_div'     ><style type=\"text\/css\" data-created_by=\"avia_inline_auto\" id=\"style-css-av-l6t3x-4d2646f3b2a4981d013955a42a9867ee\">\n#top .av_textblock_section.av-l6t3x-4d2646f3b2a4981d013955a42a9867ee .avia_textblock{\ncolor:#3a220b;\n}\n<\/style>\n<section  class='av_textblock_section av-l6t3x-4d2646f3b2a4981d013955a42a9867ee'   itemscope=\"itemscope\" itemtype=\"https:\/\/schema.org\/CreativeWork\" ><div class='avia_textblock av_inherit_color'  itemprop=\"text\" ><ul>\n<li>Biz <strong>ENTEGREEN CARBON &amp; SUSTAINABILITY S.R.L.<\/strong> olarak, turizm i\u015fletmeleri ve destinasyonlara y\u00f6nelik olarak d\u00fcnyan\u0131n \u00f6nde gelen s\u00fcrd\u00fcr\u00fclebilir turizm standard\u0131 Global Sustainable Tourism Council (GSTC) kriterleri \u00e7er\u00e7evesinde dan\u0131\u015fmanl\u0131k hizmeti sunuyoruz. Yerel toplulukla uyumlu, \u00e7evresel etkisi minimize edilmi\u015f ve k\u00fclt\u00fcrel miras\u0131 koruyan turizm yakla\u015f\u0131mlar\u0131yla i\u015fletmenizi s\u00fcrd\u00fcr\u00fclebilirlik a\u00e7\u0131s\u0131ndan ileri ta\u015f\u0131yoruz.<\/li>\n<li><strong>GSTC Uyum Analizi &amp; Haz\u0131rl\u0131k:<\/strong> Mevcut turizm i\u015fletmenizin GSTC kriterlerine uygunlu\u011funu de\u011ferlendiriyoruz.<\/li>\n<li><strong>Sertifika Dan\u0131\u015fmanl\u0131\u011f\u0131:<\/strong> GSTC akredite sertifika s\u00fcreci i\u00e7in gerekli dok\u00fcmantasyon, izleme ve raporlama sistemlerini kuruyoruz.<\/li>\n<li><strong>S\u00fcrekli \u0130yile\u015ftirme Planlar\u0131:<\/strong> S\u00fcrd\u00fcr\u00fclebilir turizm uygulamalar\u0131n\u0131n hayata ge\u00e7irilmesi ve performans\u0131n art\u0131r\u0131lmas\u0131 i\u00e7in stratejik destek sa\u011fl\u0131yoruz.<\/li>\n<\/ul>\n<\/div><\/section><\/div><div  class='flex_column av-ha3it-021183d29e063e0395177096fe4cc9b9 av_one_half  avia-builder-el-5  el_after_av_one_half  avia-builder-el-last  flex_column_div'     ><style type=\"text\/css\" data-created_by=\"avia_inline_auto\" id=\"style-css-av-9q3ut-9fbd525a8e654b380fd43c125aa9c013\">\n.avia-image-container.av-9q3ut-9fbd525a8e654b380fd43c125aa9c013 img.avia_image{\nbox-shadow:none;\n}\n.avia-image-container.av-9q3ut-9fbd525a8e654b380fd43c125aa9c013 .av-image-caption-overlay-center{\ncolor:#ffffff;\n}\n.avia-image-container.av-9q3ut-9fbd525a8e654b380fd43c125aa9c013 .avia-curtain-reveal-overlay{\nz-index:100;\n}\n<\/style>\n<div  class='avia-image-container av-9q3ut-9fbd525a8e654b380fd43c125aa9c013 av-styling- avia-align-center  avia-builder-el-6  avia-builder-el-no-sibling'   itemprop=\"image\" itemscope=\"itemscope\" itemtype=\"https:\/\/schema.org\/ImageObject\" ><div class=\"avia-image-container-inner\"><div class=\"avia-image-overlay-wrap\"><div class='avia-curtain-reveal-overlay av-animated-when-visible-95 animate-all-devices curtain-reveal-ltr'><\/div><img decoding=\"async\" fetchpriority=\"high\" class='wp-image-3273 avia-img-lazy-loading-not-3273 avia_image' src=\"https:\/\/entegreen.com\/wp-content\/uploads\/2025\/11\/shutterstock_2475042965-1030x644.jpg\" alt='' title=''  height=\"644\" width=\"1030\"  itemprop=\"thumbnailUrl\" srcset=\"https:\/\/entegreen.com\/wp-content\/uploads\/2025\/11\/shutterstock_2475042965-1030x644.jpg 1030w, https:\/\/entegreen.com\/wp-content\/uploads\/2025\/11\/shutterstock_2475042965-300x188.jpg 300w, https:\/\/entegreen.com\/wp-content\/uploads\/2025\/11\/shutterstock_2475042965-768x480.jpg 768w, https:\/\/entegreen.com\/wp-content\/uploads\/2025\/11\/shutterstock_2475042965-1536x960.jpg 1536w, https:\/\/entegreen.com\/wp-content\/uploads\/2025\/11\/shutterstock_2475042965-2048x1280.jpg 2048w, https:\/\/entegreen.com\/wp-content\/uploads\/2025\/11\/shutterstock_2475042965-18x12.jpg 18w, https:\/\/entegreen.com\/wp-content\/uploads\/2025\/11\/shutterstock_2475042965-1500x938.jpg 1500w, https:\/\/entegreen.com\/wp-content\/uploads\/2025\/11\/shutterstock_2475042965-705x441.jpg 705w\" sizes=\"(max-width: 1030px) 100vw, 1030px\" \/><\/div><\/div><\/div><\/div>","protected":false},"excerpt":{"rendered":"","protected":false},"author":1,"featured_media":0,"parent":0,"menu_order":0,"comment_status":"closed","ping_status":"closed","template":"","meta":{"footnotes":""},"class_list":["post-597","page","type-page","status-publish","hentry"],"_links":{"self":[{"href":"https:\/\/entegreen.com\/tr\/wp-json\/wp\/v2\/pages\/597","targetHints":{"allow":["GET"]}}],"collection":[{"href":"https:\/\/entegreen.com\/tr\/wp-json\/wp\/v2\/pages"}],"about":[{"href":"https:\/\/entegreen.com\/tr\/wp-json\/wp\/v2\/types\/page"}],"author":[{"embeddable":true,"href":"https:\/\/entegreen.com\/tr\/wp-json\/wp\/v2\/users\/1"}],"replies":[{"embeddable":true,"href":"https:\/\/entegreen.com\/tr\/wp-json\/wp\/v2\/comments?post=597"}],"version-history":[{"count":7,"href":"https:\/\/entegreen.com\/tr\/wp-json\/wp\/v2\/pages\/597\/revisions"}],"predecessor-version":[{"id":3275,"href":"https:\/\/entegreen.com\/tr\/wp-json\/wp\/v2\/pages\/597\/revisions\/3275"}],"wp:attachment":[{"href":"https:\/\/entegreen.com\/tr\/wp-json\/wp\/v2\/media?parent=597"}],"curies":[{"name":"wp","href":"https:\/\/api.w.org\/{rel}","templated":true}]}}