{"id":600,"date":"2017-02-02T12:27:56","date_gmt":"2017-02-02T12:27:56","guid":{"rendered":"http:\/\/test.kriesi.at\/enfold-2017\/?page_id=600"},"modified":"2025-11-21T11:58:52","modified_gmt":"2025-11-21T08:58:52","slug":"gri","status":"publish","type":"page","link":"https:\/\/entegreen.com\/tr\/gri\/","title":{"rendered":"gri"},"content":{"rendered":"<div id='av_section_1'  class='avia-section av-sb36w-d9c0d3ba69c648a958a4952311dfbdd9 main_color avia-section-default avia-no-border-styling  avia-builder-el-0  avia-builder-el-no-sibling  avia-bg-style-scroll container_wrap fullsize'  ><div class='container av-section-cont-open' ><main  role=\"main\" itemprop=\"mainContentOfPage\"  class='template-page content  av-content-full alpha units'><div class='post-entry post-entry-type-page post-entry-600'><div class='entry-content-wrapper clearfix'>\n\n<style type=\"text\/css\" data-created_by=\"avia_inline_auto\" id=\"style-css-av-mhyrrtxc-140a58d9dd32a67a65d8505e7087b178\">\n#top .av-special-heading.av-mhyrrtxc-140a58d9dd32a67a65d8505e7087b178{\npadding-bottom:15px;\ncolor:#075d44;\nfont-size:40px;\n}\nbody .av-special-heading.av-mhyrrtxc-140a58d9dd32a67a65d8505e7087b178 .av-special-heading-tag .heading-char{\nfont-size:25px;\n}\n#top #wrap_all .av-special-heading.av-mhyrrtxc-140a58d9dd32a67a65d8505e7087b178 .av-special-heading-tag{\nfont-size:40px;\n}\n.av-special-heading.av-mhyrrtxc-140a58d9dd32a67a65d8505e7087b178 .special-heading-inner-border{\nborder-color:#075d44;\n}\n.av-special-heading.av-mhyrrtxc-140a58d9dd32a67a65d8505e7087b178 .av-subheading{\nfont-size:15px;\n}\n\n@media only screen and (min-width: 480px) and (max-width: 767px){ \n#top #wrap_all .av-special-heading.av-mhyrrtxc-140a58d9dd32a67a65d8505e7087b178 .av-special-heading-tag{\nfont-size:0.8em;\n}\n}\n\n@media only screen and (max-width: 479px){ \n#top #wrap_all .av-special-heading.av-mhyrrtxc-140a58d9dd32a67a65d8505e7087b178 .av-special-heading-tag{\nfont-size:0.8em;\n}\n}\n<\/style>\n<div  class='av-special-heading av-mhyrrtxc-140a58d9dd32a67a65d8505e7087b178 av-special-heading-h2 custom-color-heading blockquote modern-quote  avia-builder-el-1  el_before_av_hr  avia-builder-el-first  av-inherit-size'><h2 class='av-special-heading-tag'  itemprop=\"headline\"  >INICIATIVA GLOBAL DE INFORMES &#8211; GRI &#8211;<\/h2><div class=\"special-heading-border\"><div class=\"special-heading-inner-border\"><\/div><\/div><\/div>\n\n<style type=\"text\/css\" data-created_by=\"avia_inline_auto\" id=\"style-css-av-mhyrsfzw-5072a07119f531ba41b3701d9ab16d5d\">\n#top .hr.av-mhyrsfzw-5072a07119f531ba41b3701d9ab16d5d{\nmargin-top:10px;\nmargin-bottom:30px;\n}\n.hr.av-mhyrsfzw-5072a07119f531ba41b3701d9ab16d5d .hr-inner{\nwidth:50px;\nborder-color:#075d44;\n}\n<\/style>\n<div  class='hr av-mhyrsfzw-5072a07119f531ba41b3701d9ab16d5d hr-custom  avia-builder-el-2  el_after_av_heading  el_before_av_one_half  hr-left hr-icon-no'><span class='hr-inner inner-border-av-border-fat'><span class=\"hr-inner-style\"><\/span><\/span><\/div>\n<div  class='flex_column av-miipc-6eebe0bbba4755c0dd3d40d7ed4cce76 av_one_half  avia-builder-el-3  el_after_av_hr  el_before_av_one_half  first flex_column_div'     ><style type=\"text\/css\" data-created_by=\"avia_inline_auto\" id=\"style-css-av-gxeqg-3965ad5a10c6268e323a291dcfec4f31\">\n#top .av_textblock_section.av-gxeqg-3965ad5a10c6268e323a291dcfec4f31 .avia_textblock{\ncolor:#3a220b;\n}\n<\/style>\n<section  class='av_textblock_section av-gxeqg-3965ad5a10c6268e323a291dcfec4f31'   itemscope=\"itemscope\" itemtype=\"https:\/\/schema.org\/CreativeWork\" ><div class='avia_textblock av_inherit_color'  itemprop=\"text\" ><p>Biz <strong>ENTEGREEN CARBON &#038; SUSTAINABILITY S.L.R.,<\/strong> olarak, \u015firketlerin s\u00fcrd\u00fcr\u00fclebilirlik performans\u0131n\u0131 GRI standartlar\u0131 \u00e7er\u00e7evesinde \u00f6l\u00e7melerine ve raporlamalar\u0131na destek veriyoruz. Enerji, su, karbon ve sosyal etki g\u00f6stergelerini kapsayan kapsaml\u0131 \u00e7\u00f6z\u00fcmlerimizle, payda\u015flar\u0131n\u0131za \u015feffaf ve g\u00fcvenilir bilgiler sunman\u0131z\u0131 sa\u011fl\u0131yoruz.<\/p>\n<ul>\n<li><strong>GRI Uyum Analizi:<\/strong> Mevcut raporlama s\u00fcre\u00e7lerinizin GRI standartlar\u0131na uygunlu\u011funu de\u011ferlendiriyoruz.<\/li>\n<li><strong>S\u00fcrd\u00fcr\u00fclebilirlik Raporlamas\u0131:<\/strong> Enerji, su, at\u0131k, karbon ve sosyal g\u00f6stergeler i\u00e7in raporlama sistemleri kuruyoruz.<\/li>\n<li><strong>Payda\u015f ve Rapor Y\u00f6netimi:<\/strong> Payda\u015f taleplerine uygun, \u015feffaf ve g\u00fcvenilir raporlar haz\u0131rl\u0131yoruz.<\/li>\n<li><strong>S\u00fcrekli \u0130yile\u015ftirme:<\/strong> ESG performans\u0131n\u0131z\u0131 art\u0131rmak ve s\u00fcrd\u00fcr\u00fclebilirlik hedeflerinize ula\u015fmak i\u00e7in stratejik \u00e7\u00f6z\u00fcmler sunuyoruz.<\/li>\n<\/ul>\n<\/div><\/section><\/div><div  class='flex_column av-ak08w-9cc6bebc4212bfb4502aca671ff37b83 av_one_half  avia-builder-el-5  el_after_av_one_half  avia-builder-el-last  flex_column_div'     ><style type=\"text\/css\" data-created_by=\"avia_inline_auto\" id=\"style-css-av-mhyrw0of-ffd1605a34c2583faf0143c7c9e89362\">\n.avia-image-container.av-mhyrw0of-ffd1605a34c2583faf0143c7c9e89362 img.avia_image{\nbox-shadow:none;\n}\n.avia-image-container.av-mhyrw0of-ffd1605a34c2583faf0143c7c9e89362 .av-image-caption-overlay-center{\ncolor:#ffffff;\n}\n.avia-image-container.av-mhyrw0of-ffd1605a34c2583faf0143c7c9e89362 .avia-curtain-reveal-overlay{\nz-index:100;\n}\n<\/style>\n<div  class='avia-image-container av-mhyrw0of-ffd1605a34c2583faf0143c7c9e89362 av-styling- avia-align-center  avia-builder-el-6  avia-builder-el-no-sibling'   itemprop=\"image\" itemscope=\"itemscope\" itemtype=\"https:\/\/schema.org\/ImageObject\" ><div class=\"avia-image-container-inner\"><div class=\"avia-image-overlay-wrap\"><div class='avia-curtain-reveal-overlay av-animated-when-visible-95 animate-all-devices curtain-reveal-ltr'><\/div><img decoding=\"async\" fetchpriority=\"high\" class='wp-image-3285 avia-img-lazy-loading-not-3285 avia_image' src=\"https:\/\/entegreen.com\/wp-content\/uploads\/2025\/11\/shutterstock_2578998531-Donusturulmus-1030x687.jpg\" alt='' title=''  height=\"687\" width=\"1030\"  itemprop=\"thumbnailUrl\" srcset=\"https:\/\/entegreen.com\/wp-content\/uploads\/2025\/11\/shutterstock_2578998531-Donusturulmus-1030x687.jpg 1030w, https:\/\/entegreen.com\/wp-content\/uploads\/2025\/11\/shutterstock_2578998531-Donusturulmus-300x200.jpg 300w, https:\/\/entegreen.com\/wp-content\/uploads\/2025\/11\/shutterstock_2578998531-Donusturulmus-768x512.jpg 768w, https:\/\/entegreen.com\/wp-content\/uploads\/2025\/11\/shutterstock_2578998531-Donusturulmus-1536x1024.jpg 1536w, https:\/\/entegreen.com\/wp-content\/uploads\/2025\/11\/shutterstock_2578998531-Donusturulmus-2048x1365.jpg 2048w, https:\/\/entegreen.com\/wp-content\/uploads\/2025\/11\/shutterstock_2578998531-Donusturulmus-18x12.jpg 18w, https:\/\/entegreen.com\/wp-content\/uploads\/2025\/11\/shutterstock_2578998531-Donusturulmus-1500x1000.jpg 1500w, https:\/\/entegreen.com\/wp-content\/uploads\/2025\/11\/shutterstock_2578998531-Donusturulmus-705x470.jpg 705w\" sizes=\"(max-width: 1030px) 100vw, 1030px\" \/><\/div><\/div><\/div><\/div>","protected":false},"excerpt":{"rendered":"","protected":false},"author":1,"featured_media":0,"parent":0,"menu_order":0,"comment_status":"closed","ping_status":"closed","template":"","meta":{"footnotes":""},"class_list":["post-600","page","type-page","status-publish","hentry"],"_links":{"self":[{"href":"https:\/\/entegreen.com\/tr\/wp-json\/wp\/v2\/pages\/600","targetHints":{"allow":["GET"]}}],"collection":[{"href":"https:\/\/entegreen.com\/tr\/wp-json\/wp\/v2\/pages"}],"about":[{"href":"https:\/\/entegreen.com\/tr\/wp-json\/wp\/v2\/types\/page"}],"author":[{"embeddable":true,"href":"https:\/\/entegreen.com\/tr\/wp-json\/wp\/v2\/users\/1"}],"replies":[{"embeddable":true,"href":"https:\/\/entegreen.com\/tr\/wp-json\/wp\/v2\/comments?post=600"}],"version-history":[{"count":7,"href":"https:\/\/entegreen.com\/tr\/wp-json\/wp\/v2\/pages\/600\/revisions"}],"predecessor-version":[{"id":3286,"href":"https:\/\/entegreen.com\/tr\/wp-json\/wp\/v2\/pages\/600\/revisions\/3286"}],"wp:attachment":[{"href":"https:\/\/entegreen.com\/tr\/wp-json\/wp\/v2\/media?parent=600"}],"curies":[{"name":"wp","href":"https:\/\/api.w.org\/{rel}","templated":true}]}}