{"id":650,"date":"2017-02-02T14:28:47","date_gmt":"2017-02-02T14:28:47","guid":{"rendered":"http:\/\/test.kriesi.at\/enfold-2017\/?page_id=650"},"modified":"2025-11-20T14:12:07","modified_gmt":"2025-11-20T11:12:07","slug":"cbam","status":"publish","type":"page","link":"https:\/\/entegreen.com\/tr\/pages\/cbam\/","title":{"rendered":"cbam"},"content":{"rendered":"<div id='av_section_1'  class='avia-section av-fldz56-c8378bcd59ca15625577b28b8cd34537 main_color avia-section-default avia-no-border-styling  avia-builder-el-0  avia-builder-el-no-sibling  avia-bg-style-scroll container_wrap fullsize'  ><div class='container av-section-cont-open' ><main  role=\"main\" itemprop=\"mainContentOfPage\"  class='template-page content  av-content-full alpha units'><div class='post-entry post-entry-type-page post-entry-650'><div class='entry-content-wrapper clearfix'>\n\n<style type=\"text\/css\" data-created_by=\"avia_inline_auto\" id=\"style-css-av-fj1ttm-9b124db50910d4fb4ddd1d4731adc5cb\">\n#top .av-special-heading.av-fj1ttm-9b124db50910d4fb4ddd1d4731adc5cb{\npadding-bottom:15px;\ncolor:#075d44;\nfont-size:40px;\n}\nbody .av-special-heading.av-fj1ttm-9b124db50910d4fb4ddd1d4731adc5cb .av-special-heading-tag .heading-char{\nfont-size:25px;\n}\n#top #wrap_all .av-special-heading.av-fj1ttm-9b124db50910d4fb4ddd1d4731adc5cb .av-special-heading-tag{\nfont-size:40px;\n}\n.av-special-heading.av-fj1ttm-9b124db50910d4fb4ddd1d4731adc5cb .special-heading-inner-border{\nborder-color:#075d44;\n}\n.av-special-heading.av-fj1ttm-9b124db50910d4fb4ddd1d4731adc5cb .av-subheading{\nfont-size:15px;\n}\n\n@media only screen and (min-width: 480px) and (max-width: 767px){ \n#top #wrap_all .av-special-heading.av-fj1ttm-9b124db50910d4fb4ddd1d4731adc5cb .av-special-heading-tag{\nfont-size:0.8em;\n}\n}\n\n@media only screen and (max-width: 479px){ \n#top #wrap_all .av-special-heading.av-fj1ttm-9b124db50910d4fb4ddd1d4731adc5cb .av-special-heading-tag{\nfont-size:0.8em;\n}\n}\n<\/style>\n<div  class='av-special-heading av-fj1ttm-9b124db50910d4fb4ddd1d4731adc5cb av-special-heading-h2 custom-color-heading blockquote modern-quote  avia-builder-el-1  el_before_av_hr  avia-builder-el-first  av-inherit-size'><h2 class='av-special-heading-tag'  itemprop=\"headline\"  >MECANISMO DE AJUSTE EN FRONTERA POR CARBONO &#8211; CBAM &#8211;<\/h2><div class=\"special-heading-border\"><div class=\"special-heading-inner-border\"><\/div><\/div><\/div>\n\n<style type=\"text\/css\" data-created_by=\"avia_inline_auto\" id=\"style-css-av-fbgjuy-91050c2c039185cf3a20a317d79a6dfd\">\n#top .hr.av-fbgjuy-91050c2c039185cf3a20a317d79a6dfd{\nmargin-top:10px;\nmargin-bottom:10px;\n}\n.hr.av-fbgjuy-91050c2c039185cf3a20a317d79a6dfd .hr-inner{\nwidth:50px;\nborder-color:#075d44;\n}\n<\/style>\n<div  class='hr av-fbgjuy-91050c2c039185cf3a20a317d79a6dfd hr-custom  avia-builder-el-2  el_after_av_heading  el_before_av_one_half  hr-left hr-icon-no'><span class='hr-inner inner-border-av-border-fat'><span class=\"hr-inner-style\"><\/span><\/span><\/div>\n\n<style type=\"text\/css\" data-created_by=\"avia_inline_auto\" id=\"style-css-av-f6wy76-e58a20a2d1c92c686beba5ff1fb2699d\">\n.flex_column.av-f6wy76-e58a20a2d1c92c686beba5ff1fb2699d{\nborder-radius:0px 0px 0px 0px;\npadding:0px 0px 0px 0px;\n}\n<\/style>\n<div  class='flex_column av-f6wy76-e58a20a2d1c92c686beba5ff1fb2699d av_one_half  avia-builder-el-3  el_after_av_hr  el_before_av_one_half  first flex_column_div av-zero-column-padding'     ><style type=\"text\/css\" data-created_by=\"avia_inline_auto\" id=\"style-css-av-ep738i-4e2534c7040aca371af58eb3972816f7\">\n#top .av_textblock_section.av-ep738i-4e2534c7040aca371af58eb3972816f7 .avia_textblock{\ncolor:#3a220b;\n}\n<\/style>\n<section  class='av_textblock_section av-ep738i-4e2534c7040aca371af58eb3972816f7'   itemscope=\"itemscope\" itemtype=\"https:\/\/schema.org\/CreativeWork\" ><div class='avia_textblock av_inherit_color'  itemprop=\"text\" ><p>Biz <strong>ENTEGREEN CARBON &amp; SUSTAINABILITY S.R.L.<\/strong> olarak, AB\u2019nin Carbon Border Adjustment Mechanism (CBAM) d\u00fczenlemelerine uyum s\u00fcrecinde \u015firketlerin yan\u0131nda yer al\u0131yoruz. Karbon ayak izi hesaplanmas\u0131 ve raporlamas\u0131, s\u00fcrd\u00fcr\u00fclebilir \u00fcretim \u00e7\u00f6z\u00fcmleri ile i\u015fletmenizi yasal gerekliliklere uygun ve \u00e7evresel a\u00e7\u0131dan sorumlu bir \u015fekilde y\u00f6netmenizi sa\u011fl\u0131yoruz.<\/p>\n<ul>\n<li><strong>Karbon Ayak \u0130zi Analizi:<\/strong> \u00dcr\u00fcn bazl\u0131 karbon emisyonlar\u0131n\u0131 hesapl\u0131yoruz.<\/li>\n<li><strong>CBAM Uyum Raporlamas\u0131:<\/strong> AB d\u00fczenlemelerine uygun dok\u00fcmantasyon ve raporlama sistemlerini haz\u0131rl\u0131yoruz.<\/li>\n<li><strong>Resmi Do\u011frulama &amp; Sertifika Destekleri:<\/strong> CBAM kapsam\u0131nda gerekli ba\u011f\u0131ms\u0131z do\u011frulama ve sertifikasyon s\u00fcre\u00e7lerinde rehberlik sa\u011fl\u0131yoruz.<\/li>\n<\/ul>\n<\/div><\/section><\/div>\n<style type=\"text\/css\" data-created_by=\"avia_inline_auto\" id=\"style-css-av-esg8tu-1a3946d61798370934ca7bad10605f1e\">\n.flex_column.av-esg8tu-1a3946d61798370934ca7bad10605f1e{\nborder-radius:0px 0px 0px 0px;\npadding:0px 0px 0px 0px;\n}\n<\/style>\n<div  class='flex_column av-esg8tu-1a3946d61798370934ca7bad10605f1e av_one_half  avia-builder-el-5  el_after_av_one_half  avia-builder-el-last  flex_column_div av-zero-column-padding'     ><style type=\"text\/css\" data-created_by=\"avia_inline_auto\" id=\"style-css-av-mhxa4i42-fcd7f3162cf515b69cc7f08748063626\">\n.avia-image-container.av-mhxa4i42-fcd7f3162cf515b69cc7f08748063626 img.avia_image{\nbox-shadow:none;\n}\n.avia-image-container.av-mhxa4i42-fcd7f3162cf515b69cc7f08748063626 .av-image-caption-overlay-center{\ncolor:#ffffff;\n}\n.avia-image-container.av-mhxa4i42-fcd7f3162cf515b69cc7f08748063626 .avia-curtain-reveal-overlay{\nz-index:100;\n}\n<\/style>\n<div  class='avia-image-container av-mhxa4i42-fcd7f3162cf515b69cc7f08748063626 av-styling- avia-align-center  avia-builder-el-6  avia-builder-el-no-sibling'   itemprop=\"image\" itemscope=\"itemscope\" itemtype=\"https:\/\/schema.org\/ImageObject\" ><div class=\"avia-image-container-inner\"><div class=\"avia-image-overlay-wrap\"><div class='avia-curtain-reveal-overlay av-animated-when-visible-95 animate-all-devices curtain-reveal-ltr'><\/div><img decoding=\"async\" fetchpriority=\"high\" class='wp-image-3270 avia-img-lazy-loading-not-3270 avia_image' src=\"https:\/\/entegreen.com\/wp-content\/uploads\/2025\/11\/shutterstock_2377582091-1030x588.jpg\" alt='' title=''  height=\"588\" width=\"1030\"  itemprop=\"thumbnailUrl\" srcset=\"https:\/\/entegreen.com\/wp-content\/uploads\/2025\/11\/shutterstock_2377582091-1030x588.jpg 1030w, https:\/\/entegreen.com\/wp-content\/uploads\/2025\/11\/shutterstock_2377582091-300x171.jpg 300w, https:\/\/entegreen.com\/wp-content\/uploads\/2025\/11\/shutterstock_2377582091-768x439.jpg 768w, https:\/\/entegreen.com\/wp-content\/uploads\/2025\/11\/shutterstock_2377582091-1536x877.jpg 1536w, https:\/\/entegreen.com\/wp-content\/uploads\/2025\/11\/shutterstock_2377582091-2048x1170.jpg 2048w, https:\/\/entegreen.com\/wp-content\/uploads\/2025\/11\/shutterstock_2377582091-18x10.jpg 18w, https:\/\/entegreen.com\/wp-content\/uploads\/2025\/11\/shutterstock_2377582091-1500x857.jpg 1500w, https:\/\/entegreen.com\/wp-content\/uploads\/2025\/11\/shutterstock_2377582091-705x403.jpg 705w\" sizes=\"(max-width: 1030px) 100vw, 1030px\" \/><\/div><\/div><\/div><\/div>","protected":false},"excerpt":{"rendered":"","protected":false},"author":1,"featured_media":0,"parent":603,"menu_order":0,"comment_status":"closed","ping_status":"closed","template":"","meta":{"footnotes":""},"class_list":["post-650","page","type-page","status-publish","hentry"],"_links":{"self":[{"href":"https:\/\/entegreen.com\/tr\/wp-json\/wp\/v2\/pages\/650","targetHints":{"allow":["GET"]}}],"collection":[{"href":"https:\/\/entegreen.com\/tr\/wp-json\/wp\/v2\/pages"}],"about":[{"href":"https:\/\/entegreen.com\/tr\/wp-json\/wp\/v2\/types\/page"}],"author":[{"embeddable":true,"href":"https:\/\/entegreen.com\/tr\/wp-json\/wp\/v2\/users\/1"}],"replies":[{"embeddable":true,"href":"https:\/\/entegreen.com\/tr\/wp-json\/wp\/v2\/comments?post=650"}],"version-history":[{"count":7,"href":"https:\/\/entegreen.com\/tr\/wp-json\/wp\/v2\/pages\/650\/revisions"}],"predecessor-version":[{"id":3271,"href":"https:\/\/entegreen.com\/tr\/wp-json\/wp\/v2\/pages\/650\/revisions\/3271"}],"up":[{"embeddable":true,"href":"https:\/\/entegreen.com\/tr\/wp-json\/wp\/v2\/pages\/603"}],"wp:attachment":[{"href":"https:\/\/entegreen.com\/tr\/wp-json\/wp\/v2\/media?parent=650"}],"curies":[{"name":"wp","href":"https:\/\/api.w.org\/{rel}","templated":true}]}}